{"id":135,"date":"2022-03-16T17:29:19","date_gmt":"2022-03-16T16:29:19","guid":{"rendered":"https:\/\/erasmus.eoiestepa.es\/?page_id=135"},"modified":"2022-03-16T18:20:20","modified_gmt":"2022-03-16T17:20:20","slug":"movilidad-francia","status":"publish","type":"page","link":"https:\/\/erasmus.eoiestepa.es\/index.php\/movilidad-francia\/","title":{"rendered":"Movilidad Francia"},"content":{"rendered":"\n<p><\/p>\n\n\n\n<div data-wp-interactive=\"core\/file\" class=\"wp-block-file\"><object data-wp-bind--hidden=\"!state.hasPdfPreview\" hidden class=\"wp-block-file__embed\" data=\"https:\/\/erasmus.eoiestepa.es\/wp-content\/uploads\/2022\/03\/Memoria-de-Rouen-2022.pdf\" type=\"application\/pdf\" style=\"width:100%;height:600px\" aria-label=\"Incrustado de Incrustado de Memoria-de-Rouen-2022..\"><\/object><a id=\"wp-block-file--media-ebc27b90-e2ea-43e0-94ef-69a02d0611aa\" href=\"https:\/\/erasmus.eoiestepa.es\/wp-content\/uploads\/2022\/03\/Memoria-de-Rouen-2022.pdf\">Memoria-de-Rouen-2022<\/a><a href=\"https:\/\/erasmus.eoiestepa.es\/wp-content\/uploads\/2022\/03\/Memoria-de-Rouen-2022.pdf\" class=\"wp-block-file__button\" download aria-describedby=\"wp-block-file--media-ebc27b90-e2ea-43e0-94ef-69a02d0611aa\">Descarga<\/a><\/div>\n\n\n\n<div class=\"wp-block-image\"><figure class=\"aligncenter is-resized\"><img loading=\"lazy\" decoding=\"async\" src=\"https:\/\/www.eoiestepa.es\/wp-content\/uploads\/2020\/02\/cofinanciado.png\" alt=\"\" width=\"336\" height=\"82\"\/><\/figure><\/div>\n\n\n\n<p><sub>El proyecto <strong>\u00abAfrontando los nuevos retos en la ense\u00f1anza de idiomas de adultos\u00bb<\/strong>  est\u00e1 cofinanciado por el programa Erasmus+ de la Uni\u00f3n Europea. El contenido de este blog es responsabilidad exclusiva de la EOI Estepa y ni la Comisi\u00f3n Europea, ni el Servicio Espa\u00f1ol para la Internacionalizaci\u00f3n de la Educaci\u00f3n (SEPIE) son responsables del uso que pueda hacerse de la informaci\u00f3n aqu\u00ed difundida.<\/sub><\/p>\n","protected":false},"excerpt":{"rendered":"<p>El proyecto \u00abAfrontando los nuevos retos en la ense\u00f1anza de idiomas de adultos\u00bb est\u00e1 cofinanciado por el programa Erasmus+ de la Uni\u00f3n Europea. El contenido de este blog es responsabilidad exclusiva de la EOI Estepa y ni la Comisi\u00f3n Europea, ni el Servicio Espa\u00f1ol para la Internacionalizaci\u00f3n de la Educaci\u00f3n (SEPIE) son responsables del uso <a class=\"more-link\" href=\"https:\/\/erasmus.eoiestepa.es\/index.php\/movilidad-francia\/\">Seguir leyendo <i class=\"fa fa-chevron-right\"><\/i><\/a><\/p>\n","protected":false},"author":2,"featured_media":0,"parent":0,"menu_order":0,"comment_status":"closed","ping_status":"closed","template":"","meta":{"footnotes":""},"class_list":["post-135","page","type-page","status-publish","hentry"],"_links":{"self":[{"href":"https:\/\/erasmus.eoiestepa.es\/index.php\/wp-json\/wp\/v2\/pages\/135","targetHints":{"allow":["GET"]}}],"collection":[{"href":"https:\/\/erasmus.eoiestepa.es\/index.php\/wp-json\/wp\/v2\/pages"}],"about":[{"href":"https:\/\/erasmus.eoiestepa.es\/index.php\/wp-json\/wp\/v2\/types\/page"}],"author":[{"embeddable":true,"href":"https:\/\/erasmus.eoiestepa.es\/index.php\/wp-json\/wp\/v2\/users\/2"}],"replies":[{"embeddable":true,"href":"https:\/\/erasmus.eoiestepa.es\/index.php\/wp-json\/wp\/v2\/comments?post=135"}],"version-history":[{"count":6,"href":"https:\/\/erasmus.eoiestepa.es\/index.php\/wp-json\/wp\/v2\/pages\/135\/revisions"}],"predecessor-version":[{"id":149,"href":"https:\/\/erasmus.eoiestepa.es\/index.php\/wp-json\/wp\/v2\/pages\/135\/revisions\/149"}],"wp:attachment":[{"href":"https:\/\/erasmus.eoiestepa.es\/index.php\/wp-json\/wp\/v2\/media?parent=135"}],"curies":[{"name":"wp","href":"https:\/\/api.w.org\/{rel}","templated":true}]}}