{"id":14,"date":"2021-04-24T11:39:42","date_gmt":"2021-04-24T09:39:42","guid":{"rendered":"https:\/\/erasmus.eoiestepa.es\/?page_id=14"},"modified":"2021-09-30T20:42:00","modified_gmt":"2021-09-30T18:42:00","slug":"movilidades-y-plan-de-formacion","status":"publish","type":"page","link":"https:\/\/erasmus.eoiestepa.es\/index.php\/movilidades-y-plan-de-formacion\/","title":{"rendered":"Plan de formaci\u00f3n"},"content":{"rendered":"\n<p>El proyecto de Movilidad del personal docente de nuestra instituci\u00f3n incluye dos tipos principales de actividades: cursos estructurados de formaci\u00f3n, enfocados por un lado a la funci\u00f3n docente y por otro a la gesti\u00f3n del centro (cursos con seminarios y visitas a otras instituciones) y periodos de observaci\u00f3n en entidades proveedoras de<br>ense\u00f1anza de idiomas a adultos con una trayectoria acad\u00e9mica similar a la de la EOI Estepa.<\/p>\n\n\n\n<p>La finalidad \u00faltima es la explotaci\u00f3n y divulgaci\u00f3n de los conocimientos adquiridos en los cursos a los que asistiremos, as\u00ed como la continuaci\u00f3n del proyecto mediante los procedimientos que se especifican en el mismo.<\/p>\n\n\n\n<h2 class=\"wp-block-heading\">Cursos estructurados relacionados con adquisici\u00f3n ling\u00fc\u00edstica y metodolog\u00eda innovadora:<\/h2>\n\n\n\n<p><strong>Talking to People (C1, C2): A Language and Culture course for Teachers<\/strong> en Dubl\u00edn, destinado a la mejora de las competencias de conocimiento de la lengua inglesa (C1 y C2) a trav\u00e9s de aspectos culturales irlandeses. El curso combina talleres, seminarios, aprendizaje basado en proyectos que ayudar\u00e1 a que los asistentes mejoren la competencia comunicativa. Se profundizar\u00e1 en el conocimiento sobre la cultura irlandesa en un ambiente multicultural europeo que a su vez propiciar\u00e1 el encontrar socios para futuras colaboraciones. Asistir\u00e1 un\/a profesor\/a del departamento de ingl\u00e9s.<\/p>\n\n\n\n<p><strong>Advanced English Language Teaching (ELT) Certificate Course for Already Practicing ESL \u2013 EFL \u2013 ESOL Teachers<\/strong>, en Dubl\u00edn (Irlanda), dise\u00f1ado para ense\u00f1antes de ingl\u00e9s con experiencia que necesitan una actualizaci\u00f3n en cuanto al<br>idioma, la metodolog\u00eda de aplicaci\u00f3n en el aula y relacionarse con colegas de otras instituciones europeas. La metodolog\u00eda del curso se centra en el alumnado y est\u00e1 basada en tareas interactivas y de colaboraci\u00f3n, haciendo hincapi\u00e9 en la ense\u00f1anza comunicativa y basada en tareas, con material aut\u00e9ntico e integrador de todas las<br>destrezas de la lengua. De esta manera conseguir\u00e1n una comprensi\u00f3n de los papeles del profesor\/a frente al de alumno\/a, el uso contextualizado de la gram\u00e1tica, actividades de pronunciaci\u00f3n y adquirir\u00e1n mayor competencia en cuanto a la gesti\u00f3n de la clase y el tratamiento del error. Al finalizar el curso sabr\u00e1n c\u00f3mo mantener la motivaci\u00f3n del alumnado y crear y mantener un ambiente de aprendizaje efectivo y estimulante, adem\u00e1s de conseguir ideas para seguir con su desarrollo profesional en un futuro. Asistir\u00e1 un\/a profesor\/a del departamento de ingl\u00e9s.<\/p>\n\n\n\n<p><strong>Curso Herramientas TIC en la ense\u00f1anza y el aprendizaje escolar<\/strong> en Rouen (Francia), destinado a profesionales de la ense\u00f1anza que quieran familiarizarse con las \u00faltimas tendencias en el uso de la tecnolog\u00eda y la informaci\u00f3n en el aula, compartir conocimientos y buenas pr\u00e1cticas con colegas de toda Europa, asegurarse un acercamiento de la instituci\u00f3n al alumnado y conseguir la motivaci\u00f3n del mismo dentro y fuera del aula. Asistir\u00e1 un\/a profesor\/a del departamento de franc\u00e9s.<\/p>\n\n\n\n<h2 class=\"wp-block-heading\">Cursos estructurados relacionados con la gesti\u00f3n del centro:<\/h2>\n\n\n\n<p><strong>Structured Educational Visit to Schools\/Institutes &amp; Training Seminars in Ireland<\/strong>, en Dubl\u00edn (Irlanda). Esta visita educacional ayudar\u00e1 al desarrollo profesional efectivo mediante el descubrimiento in situ de otras instituciones educativas en distintos sectores, incluido el de la ense\u00f1anza de adultos, proporcionando ejemplos de buenas pr\u00e1cticas relacionados con el aprendizaje a lo largo de toda la vida, a saber: el uso del ingl\u00e9s como segunda lengua, la tecnolog\u00eda digital, el aprendizaje aut\u00f3nomo y sentido de iniciativa. Con esta visita se espera actualizar las competencias de ense\u00f1anza y aprendizaje de idiomas, familiarizarse con el sistema educativo irland\u00e9s, desarrollar la dimensi\u00f3n europea de nuestra escuela para mejorar la motivaci\u00f3n del alumnado, adquirir estrategias para la diseminaci\u00f3n del aprendizaje en nuestra escuela.<\/p>\n\n\n\n<p><strong>Erasmus+ Enhanced English Skills (C1\/C2 Levels)<\/strong>, en Edimburgo, dirigido a la actualizaci\u00f3n del lenguaje para hablantes ya con un alto nivel y puesta al d\u00eda con lo \u00faltimo del ingl\u00e9s como idioma global, adem\u00e1s de proporcionar un extenso programa cultural sobre Escocia. Por la ma\u00f1ana se cubrir\u00e1n los aspectos ling\u00fc\u00edsticos dependiendo de las necesidades de los participantes, sus prioridades y el contexto acad\u00e9mico, y por las tardes se trabajar\u00e1n las destrezas orales. Los objetivos del curso son un mayor conocimiento de los cambios que est\u00e1 sufriendo el idioma ingl\u00e9s, mejor competencia ling\u00fc\u00edstica, el uso del ingl\u00e9s en Internet, Ingl\u00e9s brit\u00e1nico frente al ingl\u00e9s americano, el uso del idioma pol\u00edticamente correcto, etc. Asistir\u00e1 un\/a profesor\/a del departamento de ingl\u00e9s.<\/p>\n\n\n\n<h2 class=\"wp-block-heading\">Periodos de observaci\u00f3n:<\/h2>\n\n\n\n<p><strong>Multilingua Language Centre en Tall\u00edn (Estonia)<\/strong>. Este centro es el equivalente a nuestra EOI, en tanto es una escuela de idiomas cuyo alumnado es principalmente adulto, y trabaja para preparar a sus estudiantes para la obtenci\u00f3n de los certificados del Marco Europeo de Referencia para las Lenguas (A2, B1, B2 y C1), y ofrece tambi\u00e9n cursos monogr\u00e1ficos para empresas, que cuenta con un profesorado muy cualificado con una vasta experiencia en la ense\u00f1anza de adultos y estancias en el extranjero a trav\u00e9s del programa Erasmus+. Entre los idiomas que imparten se encuentran el espa\u00f1ol, el ingl\u00e9s y el franc\u00e9s. Ambos centros hemos acordado un periodo de observaci\u00f3n por su parte de una semana aqu\u00ed en Estepa, y luego un desplazamiento de uno de nuestros profesores a Tall\u00edn, con el fin de realizar un intercambio de buenas pr\u00e1cticas, enriquecernos con el contacto con otros colegas que realizan la misma labor que nosotros y mejorar el desarrollo profesional del profesorado.<\/p>\n\n\n\n<p><strong>Centro de ense\u00f1anza de adultos JYV\u00c4SKYL\u00c4N KRISTIILLINEN OPISTO de Finlandia<\/strong>. Los socios de acogida cuentan con una amplia experiencia en el dise\u00f1o, impartici\u00f3n y desarrollo de programas de formaci\u00f3n en el campo de la educaci\u00f3n, y su reputaci\u00f3n viene avalada por la valoraci\u00f3n de las plataformas donde los hemos encontrado, por lo que su colaboraci\u00f3n con la EOI Estepa suponen un valor a\u00f1adido a nuestro centro.<\/p>\n\n\n\n<div class=\"wp-block-image\"><figure class=\"aligncenter is-resized\"><img loading=\"lazy\" decoding=\"async\" src=\"https:\/\/www.eoiestepa.es\/wp-content\/uploads\/2020\/02\/cofinanciado.png\" alt=\"\" width=\"336\" height=\"82\"\/><\/figure><\/div>\n\n\n\n<blockquote class=\"wp-block-quote is-style-default is-layout-flow wp-block-quote-is-layout-flow\"><p>El proyecto <strong>\u00abAfrontando los nuevos retos en la ense\u00f1anza de idiomas de adultos\u00bb<\/strong>  est\u00e1 cofinanciado por el programa Erasmus+ de la Uni\u00f3n Europea. El contenido de este blog es responsabilidad exclusiva de la EOI Estepa y ni la Comisi\u00f3n Europea, ni el Servicio Espa\u00f1ol para la Internacionalizaci\u00f3n de la Educaci\u00f3n (SEPIE) son responsables del uso que pueda hacerse de la informaci\u00f3n aqu\u00ed difundida.<\/p><\/blockquote>\n","protected":false},"excerpt":{"rendered":"<p>El proyecto de Movilidad del personal docente de nuestra instituci\u00f3n incluye dos tipos principales de actividades: cursos estructurados de formaci\u00f3n, enfocados por un lado a la funci\u00f3n docente y por otro a la gesti\u00f3n del centro (cursos con seminarios y visitas a otras instituciones) y periodos de observaci\u00f3n en entidades proveedoras deense\u00f1anza de idiomas a <a class=\"more-link\" href=\"https:\/\/erasmus.eoiestepa.es\/index.php\/movilidades-y-plan-de-formacion\/\">Seguir leyendo <i class=\"fa fa-chevron-right\"><\/i><\/a><\/p>\n","protected":false},"author":1,"featured_media":0,"parent":0,"menu_order":0,"comment_status":"closed","ping_status":"closed","template":"","meta":{"footnotes":""},"class_list":["post-14","page","type-page","status-publish","hentry"],"_links":{"self":[{"href":"https:\/\/erasmus.eoiestepa.es\/index.php\/wp-json\/wp\/v2\/pages\/14","targetHints":{"allow":["GET"]}}],"collection":[{"href":"https:\/\/erasmus.eoiestepa.es\/index.php\/wp-json\/wp\/v2\/pages"}],"about":[{"href":"https:\/\/erasmus.eoiestepa.es\/index.php\/wp-json\/wp\/v2\/types\/page"}],"author":[{"embeddable":true,"href":"https:\/\/erasmus.eoiestepa.es\/index.php\/wp-json\/wp\/v2\/users\/1"}],"replies":[{"embeddable":true,"href":"https:\/\/erasmus.eoiestepa.es\/index.php\/wp-json\/wp\/v2\/comments?post=14"}],"version-history":[{"count":4,"href":"https:\/\/erasmus.eoiestepa.es\/index.php\/wp-json\/wp\/v2\/pages\/14\/revisions"}],"predecessor-version":[{"id":51,"href":"https:\/\/erasmus.eoiestepa.es\/index.php\/wp-json\/wp\/v2\/pages\/14\/revisions\/51"}],"wp:attachment":[{"href":"https:\/\/erasmus.eoiestepa.es\/index.php\/wp-json\/wp\/v2\/media?parent=14"}],"curies":[{"name":"wp","href":"https:\/\/api.w.org\/{rel}","templated":true}]}}