{"id":19,"date":"2021-04-24T11:41:34","date_gmt":"2021-04-24T09:41:34","guid":{"rendered":"https:\/\/erasmus.eoiestepa.es\/?page_id=19"},"modified":"2021-10-07T17:54:01","modified_gmt":"2021-10-07T15:54:01","slug":"el-programa-erasmus-y-la-e-o-i-estepa","status":"publish","type":"page","link":"https:\/\/erasmus.eoiestepa.es\/","title":{"rendered":"Nuestro Erasmus+"},"content":{"rendered":"\n<div class=\"wp-block-image\"><figure class=\"aligncenter size-large\"><img loading=\"lazy\" decoding=\"async\" width=\"800\" height=\"484\" src=\"https:\/\/erasmus.eoiestepa.es\/wp-content\/uploads\/2021\/04\/cabecera_erasmus.jpg\" alt=\"\" class=\"wp-image-27\" srcset=\"https:\/\/erasmus.eoiestepa.es\/wp-content\/uploads\/2021\/04\/cabecera_erasmus.jpg 800w, https:\/\/erasmus.eoiestepa.es\/wp-content\/uploads\/2021\/04\/cabecera_erasmus-300x182.jpg 300w, https:\/\/erasmus.eoiestepa.es\/wp-content\/uploads\/2021\/04\/cabecera_erasmus-768x465.jpg 768w\" sizes=\"auto, (max-width: 800px) 100vw, 800px\" \/><\/figure><\/div>\n\n\n\n<p>Erasmus+ es un programa de la Comisi\u00f3n Europea con 3 Acciones Clave que ofrece oportunidades para todas las personas y en todos los sectores educativos (Educaci\u00f3n Escolar, Formaci\u00f3n Profesional, Educaci\u00f3n Superior y Educaci\u00f3n de Personas Adultas).<\/p>\n\n\n\n<p><strong>La Acci\u00f3n Clave 1, que es en la que se enmarca el proyecto que coordina la Escuela de Idiomas \u201cEstepa\u201d, promueve oportunidades de movilidad por motivos de aprendizaje para estudiantes y personal de centros educativos.<\/strong> El objetivo es que el personal pueda ampliar y mejorar su desarrollo profesional y su perspectiva sobre pr\u00e1cticas y enfoques pedag\u00f3gicos, propiciar la modernizaci\u00f3n de la organizaci\u00f3n educativa de la que forma parte y ampliar su conocimiento de otras pr\u00e1cticas, pol\u00edticas y sistemas. Estas movilidades se concretan en acciones formativas que incluyen cursos estructurados en el extranjero y periodos de observaci\u00f3n en un centro asociado del mismo \u00e1mbito educativo (jobshadowing).<\/p>\n\n\n\n<p>Todos los integrantes de la comunidad educativa que formamos la Escuela Oficial de Idiomas \u201cEstepa\u201d somos conscientes de la necesidad del aprendizaje a lo largo de toda la vida, tanto para nuestro alumnado como para el profesorado, m\u00e1xime siendo proveedores de ense\u00f1anza de adultos y formadores de formadores, de ah\u00ed la demanda generalizada de nuestra comunidad educativa y el equipo directivo del centro para llevar a cabo la solicitud de participaci\u00f3n en este programa. Dicha formaci\u00f3n va m\u00e1s all\u00e1 del conocimiento ling\u00fc\u00edstico y necesita de una actualizaci\u00f3n de conocimientos, as\u00ed como de metodolog\u00eda y utilizaci\u00f3n de las nuevas tecnolog\u00edas en el<br>aula (apps, tablets, aprovechamiento de recursos que ofrece la web, etc.).<\/p>\n\n\n\n<p>A esta necesidad de formaci\u00f3n, que conlleva un <strong>aumento de competencias, cambio de actitudes, y mejoras en el proceso de aprendizaje<\/strong>, se a\u00f1ade el cambio en la normativa de aplicaci\u00f3n en el curr\u00edculo de las Escuelas Oficiales de Idiomas que supone la<strong> implementaci\u00f3n de la destreza de mediaci\u00f3n <\/strong>con todo un proceso de adaptaci\u00f3n en<br>cuanto a actividades, metodolog\u00eda y sistema de aprendizaje.<\/p>\n\n\n\n<p>El contacto con la vida real, con las ciudades, con sus gentes e instituciones es un punto b\u00e1sico y esencial en la ense\u00f1anza y difusi\u00f3n de un idioma extranjero, factor que influye directamente en la motivaci\u00f3n del profesorado, mejora de sus competencias y habilidades ling\u00fc\u00edsticas y metodol\u00f3gicas. Por ende, el alumnado mejorar\u00e1 la calidad de<br>la formaci\u00f3n recibida y consecuentemente habr\u00e1 un menor absentismo y mejores resultados acad\u00e9micos.<\/p>\n\n\n\n<p>Es tambi\u00e9n importante<strong> la visualizaci\u00f3n de la EOI Estepa como centro de referencia en la ense\u00f1anza de lenguas a personas adultas de la comarca y la internacionalizaci\u00f3n del centro para futuras colaboraciones<\/strong>. La finalidad \u00faltima es la explotaci\u00f3n y divulgaci\u00f3n de los conocimientos adquiridos en los cursos a los que asistiremos, as\u00ed como la continuaci\u00f3n del proyecto a medio y largo plazo.<\/p>\n\n\n\n<div class=\"wp-block-image\"><figure class=\"aligncenter is-resized\"><img loading=\"lazy\" decoding=\"async\" src=\"https:\/\/www.eoiestepa.es\/wp-content\/uploads\/2020\/02\/cofinanciado.png\" alt=\"\" width=\"336\" height=\"82\"\/><\/figure><\/div>\n\n\n\n<blockquote class=\"wp-block-quote is-style-default is-layout-flow wp-block-quote-is-layout-flow\"><p><sub>El proyecto <strong>\u00abAfrontando los nuevos retos en la ense\u00f1anza de idiomas de adultos\u00bb<\/strong>  est\u00e1 cofinanciado por el programa Erasmus+ de la Uni\u00f3n Europea. El contenido de este blog es responsabilidad exclusiva de la EOI Estepa y ni la Comisi\u00f3n Europea, ni el Servicio Espa\u00f1ol para la Internacionalizaci\u00f3n de la Educaci\u00f3n (SEPIE) son responsables del uso que pueda hacerse de la informaci\u00f3n aqu\u00ed difundida.<\/sub><\/p><\/blockquote>\n","protected":false},"excerpt":{"rendered":"<p>Erasmus+ es un programa de la Comisi\u00f3n Europea con 3 Acciones Clave que ofrece oportunidades para todas las personas y en todos los sectores educativos (Educaci\u00f3n Escolar, Formaci\u00f3n Profesional, Educaci\u00f3n Superior y Educaci\u00f3n de Personas Adultas). La Acci\u00f3n Clave 1, que es en la que se enmarca el proyecto que coordina la Escuela de Idiomas <a class=\"more-link\" href=\"https:\/\/erasmus.eoiestepa.es\/\">Seguir leyendo <i class=\"fa fa-chevron-right\"><\/i><\/a><\/p>\n","protected":false},"author":1,"featured_media":0,"parent":0,"menu_order":0,"comment_status":"closed","ping_status":"closed","template":"","meta":{"footnotes":""},"class_list":["post-19","page","type-page","status-publish","hentry"],"_links":{"self":[{"href":"https:\/\/erasmus.eoiestepa.es\/index.php\/wp-json\/wp\/v2\/pages\/19","targetHints":{"allow":["GET"]}}],"collection":[{"href":"https:\/\/erasmus.eoiestepa.es\/index.php\/wp-json\/wp\/v2\/pages"}],"about":[{"href":"https:\/\/erasmus.eoiestepa.es\/index.php\/wp-json\/wp\/v2\/types\/page"}],"author":[{"embeddable":true,"href":"https:\/\/erasmus.eoiestepa.es\/index.php\/wp-json\/wp\/v2\/users\/1"}],"replies":[{"embeddable":true,"href":"https:\/\/erasmus.eoiestepa.es\/index.php\/wp-json\/wp\/v2\/comments?post=19"}],"version-history":[{"count":9,"href":"https:\/\/erasmus.eoiestepa.es\/index.php\/wp-json\/wp\/v2\/pages\/19\/revisions"}],"predecessor-version":[{"id":52,"href":"https:\/\/erasmus.eoiestepa.es\/index.php\/wp-json\/wp\/v2\/pages\/19\/revisions\/52"}],"wp:attachment":[{"href":"https:\/\/erasmus.eoiestepa.es\/index.php\/wp-json\/wp\/v2\/media?parent=19"}],"curies":[{"name":"wp","href":"https:\/\/api.w.org\/{rel}","templated":true}]}}